{"id":95,"date":"2024-05-04T21:07:14","date_gmt":"2024-05-04T19:07:14","guid":{"rendered":"https:\/\/huet.skin\/?page_id=95"},"modified":"2024-05-04T21:54:45","modified_gmt":"2024-05-04T19:54:45","slug":"projartist","status":"publish","type":"page","link":"https:\/\/huet.skin\/?page_id=95","title":{"rendered":"Proj&#8217;Artist"},"content":{"rendered":"\n<p>Il \u00e9tait une fois un projet de spectacle abandonn\u00e9 au fond d\u2019un tiroir. Son papa, Michel Crompvoets<br>(deux fois prix du public au Festival du rire de Rochefort), ne l\u2019avait pas trouv\u00e9 digne d\u2019\u00eatre mis en<br>sc\u00e8ne.<br>Un beau jour de l\u2019ann\u00e9e 2008, Val\u00e9rie Vandecruys (l\u2019\u00e9pouse de Michel Crompvoets), prise d\u2019une<br>envie subite et rare de faire le m\u00e9nage, le trouve, l\u2019adopte et d\u00e9cide d\u2019en faire une com\u00e9die musicale<br>en y ajoutant des chansons. Michel et Val\u00e9rie se mettent au travail : recrutement des artistes, choix<br>des chansons, mise en sc\u00e8ne, sc\u00e9nographie, costumes, recherche d\u2019une salle, d\u2019une \u00e9quipe<br>technique\u2026<br>Vous devinez la joie du petit texte ! \u00ab Sacr\u00e9 Disney 1 \u00bb \u00e9tait n\u00e9.<br>Port\u00e9 par une troupe enthousiaste nouvellement constitu\u00e9e de talents vari\u00e9s, le spectacle fut un<br>franc succ\u00e8s, appr\u00e9ci\u00e9 par 2500 spectateurs dans le Hall omnisports de la Commune d\u2019Aywaille<br>transform\u00e9 en salle de spectacle pour l\u2019occasion.<br>Sa maman et son papa, tr\u00e8s fiers de leur b\u00e9b\u00e9, se sont d\u00e9p\u00each\u00e9s de lui faire une kyrielle de fr\u00e8res et<br>s\u0153urs. Ainsi sont n\u00e9s les \u00ab Sacr\u00e9 Disney 2 \u00bb, \u00ab Sacr\u00e9 Disney 3 \u00bb, \u00ab Sacr\u00e9 No\u00ebl \u00bb, \u00ab Sacr\u00e9 Halloween \u00bb, \u00ab Sacr\u00e9 Halloween 2 \u00bb, \u00ab James Bond \u00bb, \u00ab Sacr\u00e9 ann\u00e9es 80 \u00bb, \u00ab Sacr\u00e9 Halloween IV \u00bb, \u00ab Sacr\u00e9 ann\u00e9es 60 \u00bb, avec le m\u00eame objectif : divertir en offrant un spectacle de qualit\u00e9.<\/p>\n","protected":false},"excerpt":{"rendered":"<p>Il \u00e9tait une fois un projet de spectacle abandonn\u00e9 au fond d\u2019un tiroir. Son papa, Michel Crompvoets(deux fois prix du public au Festival du rire de Rochefort), ne l\u2019avait pas trouv\u00e9 digne d\u2019\u00eatre mis ensc\u00e8ne.Un beau jour de l\u2019ann\u00e9e 2008, Val\u00e9rie Vandecruys (l\u2019\u00e9pouse de Michel Crompvoets), prise d\u2019uneenvie subite et rare de faire le m\u00e9nage,&#8230;<\/p>\n","protected":false},"author":1,"featured_media":0,"parent":0,"menu_order":0,"comment_status":"closed","ping_status":"closed","template":"","meta":{"_kad_post_transparent":"","_kad_post_title":"","_kad_post_layout":"","_kad_post_sidebar_id":"","_kad_post_content_style":"","_kad_post_vertical_padding":"","_kad_post_feature":"","_kad_post_feature_position":"","_kad_post_header":false,"_kad_post_footer":false,"_kad_post_classname":"","footnotes":""},"class_list":["post-95","page","type-page","status-publish","hentry"],"_links":{"self":[{"href":"https:\/\/huet.skin\/index.php?rest_route=\/wp\/v2\/pages\/95","targetHints":{"allow":["GET"]}}],"collection":[{"href":"https:\/\/huet.skin\/index.php?rest_route=\/wp\/v2\/pages"}],"about":[{"href":"https:\/\/huet.skin\/index.php?rest_route=\/wp\/v2\/types\/page"}],"author":[{"embeddable":true,"href":"https:\/\/huet.skin\/index.php?rest_route=\/wp\/v2\/users\/1"}],"replies":[{"embeddable":true,"href":"https:\/\/huet.skin\/index.php?rest_route=%2Fwp%2Fv2%2Fcomments&post=95"}],"version-history":[{"count":2,"href":"https:\/\/huet.skin\/index.php?rest_route=\/wp\/v2\/pages\/95\/revisions"}],"predecessor-version":[{"id":104,"href":"https:\/\/huet.skin\/index.php?rest_route=\/wp\/v2\/pages\/95\/revisions\/104"}],"wp:attachment":[{"href":"https:\/\/huet.skin\/index.php?rest_route=%2Fwp%2Fv2%2Fmedia&parent=95"}],"curies":[{"name":"wp","href":"https:\/\/api.w.org\/{rel}","templated":true}]}}