{"id":456,"date":"2025-02-23T23:39:08","date_gmt":"2025-02-23T22:39:08","guid":{"rendered":"https:\/\/huet.skin\/?page_id=456"},"modified":"2025-10-25T22:59:34","modified_gmt":"2025-10-25T20:59:34","slug":"mirage","status":"publish","type":"page","link":"https:\/\/huet.skin\/?page_id=456","title":{"rendered":"Mirage"},"content":{"rendered":"\n<div class=\"wp-block-media-text is-stacked-on-mobile\" style=\"grid-template-columns:23% auto\"><figure class=\"wp-block-media-text__media\"><img loading=\"lazy\" decoding=\"async\" width=\"498\" height=\"1024\" src=\"https:\/\/huet.skin\/wp-content\/uploads\/2025\/10\/Christiane-Eppe-1-498x1024.jpg\" alt=\"\" class=\"wp-image-496 size-full\" srcset=\"https:\/\/huet.skin\/wp-content\/uploads\/2025\/10\/Christiane-Eppe-1-498x1024.jpg 498w, https:\/\/huet.skin\/wp-content\/uploads\/2025\/10\/Christiane-Eppe-1-146x300.jpg 146w, https:\/\/huet.skin\/wp-content\/uploads\/2025\/10\/Christiane-Eppe-1.jpg 640w\" sizes=\"auto, (max-width: 498px) 100vw, 498px\" \/><\/figure><div class=\"wp-block-media-text__content\">\n<p>La Li\u00e9geoise Christiane Eppe, professeur d&#8217;art dramatique \u00e0 l&#8217;acad\u00e9mie Gr\u00e9try et au conservatoire de Huy, animatrice d&#8217;un atelier provincial d&#8217;expression, a cr\u00e9\u00e9 le th\u00e9\u00e2tre Mirage en 1985. Objectif: donner la chance aux \u00e9l\u00e8ves d&#8217;interpr\u00e9ter des ouvrages de sc\u00e8ne face au public. L&#8217;occasion de pr\u00e9parer une future carri\u00e8re, de surmonter le trac. La suite pratique des cours en quelque sorte. Trop souvent, elle fait d\u00e9faut; on ne donne rien ou si peu aux jeunes pour les aider \u00e0 franchir la rampe, consid\u00e8re Mme Eppe. Excellente initiative dans tous les cas puisqu&#8217;elle a permis, en quelques ann\u00e9es, de monter huit spectacles dont cinq cr\u00e9ations. je jouais dans une de ses cr\u00e9ations : &#8220;<a href=\"https:\/\/huet.skin\/?p=458\" data-type=\"post\" data-id=\"458\">La guerre du feu<\/a>&#8220;<\/p>\n<\/div><\/div>\n","protected":false},"excerpt":{"rendered":"<p>La Li\u00e9geoise Christiane Eppe, professeur d&#8217;art dramatique \u00e0 l&#8217;acad\u00e9mie Gr\u00e9try et au conservatoire de Huy, animatrice d&#8217;un atelier provincial d&#8217;expression, a cr\u00e9\u00e9 le th\u00e9\u00e2tre Mirage en 1985. Objectif: donner la chance aux \u00e9l\u00e8ves d&#8217;interpr\u00e9ter des ouvrages de sc\u00e8ne face au public. L&#8217;occasion de pr\u00e9parer une future carri\u00e8re, de surmonter le trac. La suite pratique des&#8230;<\/p>\n","protected":false},"author":1,"featured_media":0,"parent":0,"menu_order":0,"comment_status":"closed","ping_status":"closed","template":"","meta":{"_kad_post_transparent":"","_kad_post_title":"","_kad_post_layout":"","_kad_post_sidebar_id":"","_kad_post_content_style":"","_kad_post_vertical_padding":"","_kad_post_feature":"","_kad_post_feature_position":"","_kad_post_header":false,"_kad_post_footer":false,"_kad_post_classname":"","footnotes":""},"class_list":["post-456","page","type-page","status-publish","hentry"],"_links":{"self":[{"href":"https:\/\/huet.skin\/index.php?rest_route=\/wp\/v2\/pages\/456","targetHints":{"allow":["GET"]}}],"collection":[{"href":"https:\/\/huet.skin\/index.php?rest_route=\/wp\/v2\/pages"}],"about":[{"href":"https:\/\/huet.skin\/index.php?rest_route=\/wp\/v2\/types\/page"}],"author":[{"embeddable":true,"href":"https:\/\/huet.skin\/index.php?rest_route=\/wp\/v2\/users\/1"}],"replies":[{"embeddable":true,"href":"https:\/\/huet.skin\/index.php?rest_route=%2Fwp%2Fv2%2Fcomments&post=456"}],"version-history":[{"count":4,"href":"https:\/\/huet.skin\/index.php?rest_route=\/wp\/v2\/pages\/456\/revisions"}],"predecessor-version":[{"id":498,"href":"https:\/\/huet.skin\/index.php?rest_route=\/wp\/v2\/pages\/456\/revisions\/498"}],"wp:attachment":[{"href":"https:\/\/huet.skin\/index.php?rest_route=%2Fwp%2Fv2%2Fmedia&parent=456"}],"curies":[{"name":"wp","href":"https:\/\/api.w.org\/{rel}","templated":true}]}}