{"id":421,"date":"2025-02-21T16:55:09","date_gmt":"2025-02-21T15:55:09","guid":{"rendered":"https:\/\/huet.skin\/?page_id=421"},"modified":"2025-10-25T22:44:54","modified_gmt":"2025-10-25T20:44:54","slug":"lamphi","status":"publish","type":"page","link":"https:\/\/huet.skin\/?page_id=421","title":{"rendered":"L&#8217;Amphi"},"content":{"rendered":"\n<p>En 1982, Michel Crompvoets d\u00e9cide de monter une troupe de th\u00e9\u00e2tre.<br>Je d\u00e9cidais de le suivre dans cette aventure. <br>Apr\u00e8s quelques auditions, nous avions nos com\u00e9diens pour monter notre premi\u00e8re pi\u00e8ce de th\u00e9\u00e2tre.<br>Ce sera &#8220;<a href=\"https:\/\/huet.skin\/?p=425\" data-type=\"post\" data-id=\"425\">Apprends-moi, C\u00e9line<\/a>&#8221; de Maria Pac\u00f4me.<br><br><\/p>\n\n\n\n<div class=\"wp-block-media-text is-stacked-on-mobile\"><figure class=\"wp-block-media-text__media\"><img loading=\"lazy\" decoding=\"async\" width=\"474\" height=\"312\" src=\"https:\/\/huet.skin\/wp-content\/uploads\/2025\/02\/OIP.jpg\" alt=\"\" class=\"wp-image-422 size-full\" srcset=\"https:\/\/huet.skin\/wp-content\/uploads\/2025\/02\/OIP.jpg 474w, https:\/\/huet.skin\/wp-content\/uploads\/2025\/02\/OIP-300x197.jpg 300w\" sizes=\"auto, (max-width: 474px) 100vw, 474px\" \/><\/figure><div class=\"wp-block-media-text__content\">\n<p>Nous la jouerons le 08 novembre 1983 devant une salle pleine au th\u00e9\u00e2tre de l&#8217;Emulation devenu depuis le Th\u00e9\u00e2tre de Li\u00e8ge.<\/p>\n<\/div><\/div>\n\n\n\n<p><\/p>\n\n\n\n<p><\/p>\n","protected":false},"excerpt":{"rendered":"<p>En 1982, Michel Crompvoets d\u00e9cide de monter une troupe de th\u00e9\u00e2tre.Je d\u00e9cidais de le suivre dans cette aventure. Apr\u00e8s quelques auditions, nous avions nos com\u00e9diens pour monter notre premi\u00e8re pi\u00e8ce de th\u00e9\u00e2tre.Ce sera &#8220;Apprends-moi, C\u00e9line&#8221; de Maria Pac\u00f4me. Nous la jouerons le 08 novembre 1983 devant une salle pleine au th\u00e9\u00e2tre de l&#8217;Emulation devenu depuis&#8230;<\/p>\n","protected":false},"author":1,"featured_media":0,"parent":0,"menu_order":0,"comment_status":"closed","ping_status":"closed","template":"","meta":{"_kad_post_transparent":"","_kad_post_title":"","_kad_post_layout":"","_kad_post_sidebar_id":"","_kad_post_content_style":"","_kad_post_vertical_padding":"","_kad_post_feature":"","_kad_post_feature_position":"","_kad_post_header":false,"_kad_post_footer":false,"_kad_post_classname":"","footnotes":""},"class_list":["post-421","page","type-page","status-publish","hentry"],"_links":{"self":[{"href":"https:\/\/huet.skin\/index.php?rest_route=\/wp\/v2\/pages\/421","targetHints":{"allow":["GET"]}}],"collection":[{"href":"https:\/\/huet.skin\/index.php?rest_route=\/wp\/v2\/pages"}],"about":[{"href":"https:\/\/huet.skin\/index.php?rest_route=\/wp\/v2\/types\/page"}],"author":[{"embeddable":true,"href":"https:\/\/huet.skin\/index.php?rest_route=\/wp\/v2\/users\/1"}],"replies":[{"embeddable":true,"href":"https:\/\/huet.skin\/index.php?rest_route=%2Fwp%2Fv2%2Fcomments&post=421"}],"version-history":[{"count":2,"href":"https:\/\/huet.skin\/index.php?rest_route=\/wp\/v2\/pages\/421\/revisions"}],"predecessor-version":[{"id":492,"href":"https:\/\/huet.skin\/index.php?rest_route=\/wp\/v2\/pages\/421\/revisions\/492"}],"wp:attachment":[{"href":"https:\/\/huet.skin\/index.php?rest_route=%2Fwp%2Fv2%2Fmedia&parent=421"}],"curies":[{"name":"wp","href":"https:\/\/api.w.org\/{rel}","templated":true}]}}